{"id":89,"date":"2026-02-02T21:44:54","date_gmt":"2026-02-02T20:44:54","guid":{"rendered":"http:\/\/martinnaundorf.de\/about-2\/"},"modified":"2026-04-06T20:39:06","modified_gmt":"2026-04-06T18:39:06","slug":"bio","status":"publish","type":"page","link":"https:\/\/martinnaundorf.de\/en\/bio\/","title":{"rendered":"Bio"},"content":{"rendered":"<div data-elementor-type=\"wp-page\" data-elementor-id=\"89\" class=\"elementor elementor-89\" data-elementor-post-type=\"page\">\n\t\t\t\t<div class=\"elementor-element elementor-element-7c61c103 e-con-full e-flex e-con e-parent\" data-id=\"7c61c103\" data-element_type=\"container\" data-e-type=\"container\">\n\t\t\t\t<div class=\"elementor-element elementor-element-246314f4 elementor-widget__width-initial elementor-widget-tablet__width-inherit elementor-widget elementor-widget-image\" data-id=\"246314f4\" data-element_type=\"widget\" data-e-type=\"widget\" data-widget_type=\"image.default\">\n\t\t\t\t\t\t\t\t\t\t\t\t\t\t\t<img fetchpriority=\"high\" decoding=\"async\" width=\"1024\" height=\"1536\" src=\"https:\/\/martinnaundorf.de\/wp-content\/uploads\/2026\/03\/Portrait_Web_LowRes-2-1024x1536.jpg\" class=\"attachment-1536x1536 size-1536x1536 wp-image-965\" alt srcset=\"https:\/\/martinnaundorf.de\/wp-content\/uploads\/2026\/03\/Portrait_Web_LowRes-2-1024x1536.jpg 1024w, https:\/\/martinnaundorf.de\/wp-content\/uploads\/2026\/03\/Portrait_Web_LowRes-2-200x300.jpg 200w, https:\/\/martinnaundorf.de\/wp-content\/uploads\/2026\/03\/Portrait_Web_LowRes-2-683x1024.jpg 683w, https:\/\/martinnaundorf.de\/wp-content\/uploads\/2026\/03\/Portrait_Web_LowRes-2-768x1152.jpg 768w, https:\/\/martinnaundorf.de\/wp-content\/uploads\/2026\/03\/Portrait_Web_LowRes-2-8x12.jpg 8w, https:\/\/martinnaundorf.de\/wp-content\/uploads\/2026\/03\/Portrait_Web_LowRes-2.jpg 1365w\" sizes=\"(max-width: 1024px) 100vw, 1024px\">\t\t\t\t\t\t\t\t\t\t\t\t\t\t\t<\/div>\n\t\t<div class=\"elementor-element elementor-element-40fe143b e-con-full e-flex e-con e-child\" data-id=\"40fe143b\" data-element_type=\"container\" data-e-type=\"container\">\n\t\t\t\t<div class=\"elementor-element elementor-element-379f98c9 elementor-widget elementor-widget-heading\" data-id=\"379f98c9\" data-element_type=\"widget\" data-e-type=\"widget\" data-widget_type=\"heading.default\">\n\t\t\t\t\t<h2 class=\"elementor-heading-title elementor-size-default\">Martin Naundorf<\/h2>\t\t\t\t<\/div>\n\t\t\t\t<div class=\"elementor-element elementor-element-643ca4ec elementor-widget elementor-widget-text-editor\" data-id=\"643ca4ec\" data-element_type=\"widget\" data-e-type=\"widget\" data-widget_type=\"text-editor.default\">\n\t\t\t\t\t\t\t\t\t<p><span style=\"font-weight: 400;\">Als Kurator konzi\u00adpiere und erm\u00f6g\u00adliche ich Erfah\u00adrungen mit Kunst. Dabei arbeite ich inter\u00addis\u00adzi\u00adplin\u00e4r, mit einem beson\u00adderen Fokus auf die freien darstel\u00adlenden K\u00fcnste. Mein beson\u00adderes Inter\u00adesse gilt Festi\u00advals als tempo\u00adr\u00e4re Ereig\u00adnisse der Zusam\u00admen\u00adkunft von k\u00fcnst\u00adle\u00adri\u00adschen Positionen, \u00c4sthe\u00adtiken, Menschen und Themen, ihrer Innova\u00adti\u00adons\u00adkraft f\u00fcr die K\u00fcnste und ihre M\u00f6glich\u00adkeit, offene R\u00e4ume des Austau\u00adsches zu&nbsp;schaffen.&nbsp;<\/span><\/p><p><span style=\"font-weight: 400;\">Aktuell arbeite ich als Kurator und Teil der Festi\u00adval\u00adlei\u00adtung f\u00fcr <span style=\"text-decoration: underline;\"><a href=\"https:\/\/martinnaundorf.de\/en\/festival-osten\/\">OSTEN \u2013Festival f\u00fcr Kunst und gegen\u00adsei\u00adtiges Inter\u00adesse<\/a><\/span> \u2013 und entwickle daf\u00fcr site-spezi\u00adfi\u00adsche Programme f\u00fcr und mit der lokalen Bev\u00f6l\u00adke\u00adrung in Bitter\u00adfeld-Wolfen. In den letzten Jahren habe ich die Programme der Veran\u00adstal\u00adtungen <span style=\"text-decoration: underline;\"><a href=\"https:\/\/martinnaundorf.de\/en\/wiedersehen-in-wolfen\/\">WIEDERSEHEN IN WOLFEN<\/a><\/span>, Festival OSTEN 2024 und <span style=\"text-decoration: underline;\"><a href=\"https:\/\/martinnaundorf.de\/en\/osten-festival\/\">OSTEN UNTER STROM<\/a> <\/span>kurato\u00adrisch mitverantwortet.&nbsp;<\/span><\/p><p><span style=\"font-weight: 400;\">Unter anderem sich die Arbeiten TYRANNOSAURUS REGINA des feminis\u00adti\u00adschen Kollek\u00adtivs hanns\u00adjana, die ortsspe\u00adzi\u00adfi\u00adsche Raumer\u00adkun\u00addung \u201eGeb\u00e4ude 041\u201c oder die Arbeit \u201eneube\u00adlichtet \u2013 ein Album f\u00fcr Bitter\u00adfeld-Wolfen\u201c von Anke Heele\u00admann entstanden, die ich inhalt\u00adlich begleitet habe.&nbsp;<\/span><\/p><p><span style=\"font-weight: 400;\">Als Kurator habe ich ein inter\u00addis\u00adzi\u00adpli\u00adn\u00e4res Profil und Erfah\u00adrung in den darstel\u00adlenden sowie bildenden K\u00fcnsten und auch in der musealen Arbeit. Als Teil des kurato\u00adri\u00adschen Teams von <span style=\"text-decoration: underline;\"><a href=\"https:\/\/martinnaundorf.de\/en\/faust-eine-ausstellung\/\">Faust. Eine Ausstel\u00adlung<\/a><\/span>, die bis November 2027 im Schiller-Museum der Klassik Stiftung Weimar zu sehen ist, haben wir uns mit Faust \u2013 Goethes Haupt\u00adwerk \u2013 besch\u00e4f\u00adtigt und den Text sowie seine Entste\u00adhungs\u00adge\u00adschichte histo\u00adrisch korrekt und \u00e4sthe\u00adtisch anspre\u00adchend f\u00fcr unter\u00adschied\u00adliche Besucher:innen pr\u00e4sentiert.&nbsp;<\/span><\/p><p><span style=\"font-weight: 400;\">Neben Veran\u00adstal\u00adtungen und Ausstel\u00adlungen habe ich auch an Publi\u00adka\u00adtions- und Buchpro\u00adjekten mitge\u00adar\u00adbeitet. Die Publi\u00adka\u00adtion <span style=\"text-decoration: underline;\"><a href=\"https:\/\/martinnaundorf.de\/en\/fuer-kunst-und-gegenseitiges-interesse-festival-osten\/\">F\u00dcR KUNST UND GEGENSEITIGES INTERESSE. FESTIVAL OSTEN<\/a><\/span> versucht die Idee und Atmosph\u00e4re des Festi\u00advals in Buchform zu \u00fcbertragen. Das Buch <span style=\"text-decoration: underline;\"><a href=\"https:\/\/martinnaundorf.de\/en\/goethes-faust-nachrichten-an-das-21-jahrhundert\/\">GOETHES FAUST. NACHRICHTEN AN DAS 21. JAHRHUNDERT<\/a><\/span> ist der erg\u00e4n\u00adzende Begleit\u00adband zur Weimarer Ausstel\u00adlung, der die Themen\u00adschwer\u00adpunkte der Ausstel\u00adlung weiter&nbsp;ausf\u00fchrt.<\/span><\/p><p><span style=\"font-weight: 400;\">Meine Erfah\u00adrungen als k\u00fcnst\u00adle\u00adri\u00adscher Produk\u00adti\u00adons\u00adleiter erm\u00f6g\u00adli\u00adchen es mir, Projekte und Programme nicht nur inhalt\u00adlich zu entwi\u00adckeln, sondern auch realis\u00adtisch zu planen. In der Vergan\u00adgen\u00adheit habe ich das Orato\u00adrium <span style=\"text-decoration: underline;\"><a href=\"https:\/\/martinnaundorf.de\/en\/manifesto-ein-polytopisches-oratorium\/\">MAN\u0130FEST(O)<\/a><\/span> von Marc Sinan im bundes\u00adweiten Projekt \u201eKein Schluss\u00adstrich!\u201c gegen das Vergessen der Opfer des rechts\u00adextre\u00admis\u00adti\u00adschen NSU reali\u00adsiert, die Tanzper\u00adfor\u00admances <span style=\"text-decoration: underline;\"><a href=\"https:\/\/martinnaundorf.de\/en\/daddy-shot-my-rabbit\/\">DADDY SHOT MY RABBIT<\/a> <\/span>und <span style=\"text-decoration: underline;\"><a href=\"https:\/\/martinnaundorf.de\/en\/sex-mit-madonna\/\">SEX MIT MADONNA<\/a><\/span> von Chris J\u00e4ger produ\u00adziert oder im Produk\u00adti\u00adons\u00adteam des Haus der Kulturen der Welt (HKW) in Berlin&nbsp;gearbeitet.&nbsp;<\/span><\/p>\t\t\t\t\t\t\t\t<\/div>\n\t\t\t\t<\/div>\n\t\t\t\t<\/div>\n\t\t\t\t<\/div>","protected":false},"excerpt":{"rendered":"<p>Martin Naundorf Als Kurator konzipiere und erm\u00f6gliche ich Erfahrungen mit Kunst. Dabei arbeite ich interdisziplin\u00e4r, mit einem besonderen Fokus auf die freien darstellenden K\u00fcnste. Mein besonderes Interesse gilt Festivals als tempor\u00e4re Ereignisse der Zusammenkunft von k\u00fcnstlerischen Positionen, \u00c4sthetiken, Menschen und Themen, ihrer Innovationskraft f\u00fcr die K\u00fcnste und ihre M\u00f6glichkeit, offene R\u00e4ume des Austausches zu schaffen.\u00a0 [&hellip;]<\/p>\n","protected":false},"author":1,"featured_media":0,"parent":0,"menu_order":0,"comment_status":"closed","ping_status":"closed","template":"elementor_header_footer","meta":{"_acf_changed":false,"wp_typography_post_enhancements_disabled":false,"footnotes":""},"class_list":["post-89","page","type-page","status-publish","hentry"],"acf":[],"_links":{"self":[{"href":"https:\/\/martinnaundorf.de\/en\/wp-json\/wp\/v2\/pages\/89","targetHints":{"allow":["GET"]}}],"collection":[{"href":"https:\/\/martinnaundorf.de\/en\/wp-json\/wp\/v2\/pages"}],"about":[{"href":"https:\/\/martinnaundorf.de\/en\/wp-json\/wp\/v2\/types\/page"}],"author":[{"embeddable":true,"href":"https:\/\/martinnaundorf.de\/en\/wp-json\/wp\/v2\/users\/1"}],"replies":[{"embeddable":true,"href":"https:\/\/martinnaundorf.de\/en\/wp-json\/wp\/v2\/comments?post=89"}],"version-history":[{"count":10,"href":"https:\/\/martinnaundorf.de\/en\/wp-json\/wp\/v2\/pages\/89\/revisions"}],"predecessor-version":[{"id":1058,"href":"https:\/\/martinnaundorf.de\/en\/wp-json\/wp\/v2\/pages\/89\/revisions\/1058"}],"wp:attachment":[{"href":"https:\/\/martinnaundorf.de\/en\/wp-json\/wp\/v2\/media?parent=89"}],"curies":[{"name":"wp","href":"https:\/\/api.w.org\/{rel}","templated":true}]}}